{"id":727,"date":"2024-08-05T16:42:50","date_gmt":"2024-08-05T14:42:50","guid":{"rendered":"https:\/\/cefii-developpements.fr\/michel1385\/Projet_final\/mzlleflo\/?page_id=727"},"modified":"2024-08-05T16:58:37","modified_gmt":"2024-08-05T14:58:37","slug":"politique-de-gestion-des-cookies","status":"publish","type":"page","link":"https:\/\/michel-grillon.fr\/projects\/wordpress\/mzlleflo\/politique-de-gestion-des-cookies\/","title":{"rendered":"Cookies"},"content":{"rendered":"\n<p><strong>Politique de Gestion des Cookies<\/strong><\/p>\n\n\n\n<p><strong><u>UTILISATION DES COOKIES<\/u><\/strong><\/p>\n\n\n\n<p>Pour permettre aux utilisateurs de&nbsp;<strong>M\u2019Zlle Flo<\/strong>&nbsp;de b\u00e9n\u00e9ficier des services propos\u00e9s par le site tels que la validation de sa commande, l\u2019envoi de sa commande, l\u2019inscription \u00e0 certains services, de l\u2019optimisation de son utilisation et de sa personnalisation en fonction de l\u2019utilisateur, le site utilise des Cookies.<\/p>\n\n\n\n<p>Sauf si vous d\u00e9cidez de d\u00e9sactiver les cookies, vous acceptez que le site puisse les utiliser. Vous pouvez \u00e0 tout moment d\u00e9sactiver ces cookies, et ce, gratuitement \u00e0 partir des possibilit\u00e9s de d\u00e9sactivation qui vous sont offertes et rappel\u00e9es ci-apr\u00e8s, sachant que cela peut r\u00e9duire ou emp\u00eacher l\u2019accessibilit\u00e9 \u00e0 tout ou partie des Services propos\u00e9s par le site.<\/p>\n\n\n\n<h2 class=\"wp-block-heading\">1.&nbsp;<strong>QU\u2019EST-CE QU\u2019UN COOKIE ET SON UTILIT\u00c9 ?<\/strong><\/h2>\n\n\n\n<p>Lors de la consultation du&nbsp;<a href=\"https:\/\/cefii-developpements.fr\/michel1385\/Projet_final\/mzlleflo\/accueil\/\">site<\/a>&nbsp;<strong>,<\/strong>&nbsp;des informations relatives \u00e0 la navigation de votre terminal (ordinateur, tablette, smartphone, etc.) sur le site peuvent \u00eatre enregistr\u00e9es dans des fichiers texte appel\u00e9s \u201cCookies\u201d, install\u00e9s sur votre navigateur. Les cookies vont \u00eatre utilis\u00e9s pour reconna\u00eetre votre navigateur pendant la dur\u00e9e de validit\u00e9 du cookie concern\u00e9.<\/p>\n\n\n\n<p>Seul l\u2019\u00e9metteur du cookie concern\u00e9 est susceptible de lire ou de modifier les informations qui y sont contenues.<\/p>\n\n\n\n<p>Certains cookies sont indispensables \u00e0 l\u00b4utilisation du site, d\u00b4autres permettent d\u00b4optimiser l\u2019utilisation du site et de personnaliser les contenus affich\u00e9s, ainsi les cookies permettent :<\/p>\n\n\n\n<ul class=\"wp-block-list\">\n<li>De mesurer et d\u2019analyser la fr\u00e9quentation et d\u2019utilisation du site, de ses rubriques et services propos\u00e9s, nous permettant de r\u00e9aliser des \u00e9tudes et d\u2019am\u00e9liorer l\u2019int\u00e9r\u00eat et l\u2019ergonomie du site et de nos services,<\/li>\n\n\n\n<li>De m\u00e9moriser les pr\u00e9f\u00e9rences d\u2019affichage de votre navigateur (langue utilis\u00e9e, param\u00e8tres d\u2019affichage, syst\u00e8me d\u2019exploitation utilis\u00e9, etc) et d\u2019adapter la pr\u00e9sentation du site lors de vos visites, selon les mat\u00e9riels et logiciels de visualisation ou de lecture que comporte votre terminal et qui sont utilis\u00e9s pour la navigation sur notre site.<\/li>\n\n\n\n<li>De m\u00e9moriser les informations relatives, par exemple, \u00e0 un formulaire que vous avez rempli ou \u00e0 un service (inscription, acc\u00e8s \u00e0 votre compte) ou une information que vous avez choisie (service souscrit, contenu de votre liste).<\/li>\n\n\n\n<li>De vous permettre d\u2019acc\u00e9der \u00e0 des espaces r\u00e9serv\u00e9s et personnels du site ou de notre Service, tels que votre compte personnel, gr\u00e2ce \u00e0 des identifiants ou des donn\u00e9es personnelles vous concernant ant\u00e9rieurement communiqu\u00e9es, vous permettant le cas \u00e9ch\u00e9ant d\u2019acc\u00e9der \u00e0 des contenus personnalis\u00e9s,<\/li>\n\n\n\n<li>De mettre en \u0153uvre des mesures de s\u00e9curit\u00e9.<\/li>\n<\/ul>\n\n\n\n<h2 class=\"wp-block-heading\"><strong>2.&nbsp;<\/strong><strong>LES COOKIES D\u00c9POS\u00c9S PAR UN TIERS SUR DES ESPACES DE NOTRE SITE<\/strong><\/h2>\n\n\n\n<p>Notre site est susceptible de contenir des Cookies \u00e9mis par des tiers (outil de mesure des performances, soci\u00e9t\u00e9 de mesure d\u2019audience, etc.) permettant \u00e0 ces derniers, pendant la dur\u00e9e de validit\u00e9 de leurs Cookies de recueillir des informations de navigation relatives aux navigateurs consultant notre site.<\/p>\n\n\n\n<p>\u00c0 tout moment, vous pourrez emp\u00eacher la collecte d\u2019information vous concernant via ces cookies tiers, en cliquant sur les liens correspondant (voir le chapitre \u201cVotre gestion et utilisation des cookies\u201d ou \u00ab Confidentialit\u00e9 \u00bb de votre moteur de recherche).<\/p>\n\n\n\n<p>L\u2019\u00e9mission et l\u2019utilisation de Cookies par ces entreprises sont soumises \u00e0 leurs propres conditions d\u2019utilisation.<\/p>\n\n\n\n<h2 class=\"wp-block-heading\"><strong>3.&nbsp;<\/strong><strong>PARTAGE DE L\u2019UTILISATION DE VOTRE TERMINAL AVEC D\u2019AUTRES PERSONNES<\/strong><strong><\/strong><\/h2>\n\n\n\n<p>Si votre terminal est utilis\u00e9 par plusieurs personnes et lorsqu\u2019un m\u00eame terminal dispose de plusieurs logiciels de navigation, nous ne pouvons pas nous assurer de mani\u00e8re certaine que les services destin\u00e9s \u00e0 votre terminal correspondent bien \u00e0 votre propre utilisation de ce terminal et non \u00e0 celle d\u2019un autre utilisateur de ce terminal.<\/p>\n\n\n\n<p>Le partage avec d\u2019autres personnes de l\u2019utilisation de votre terminal et la configuration des param\u00e8tres de votre navigateur \u00e0 l\u2019\u00e9gard des Cookies, rel\u00e8vent de votre libre choix et de votre responsabilit\u00e9.<\/p>\n\n\n\n<h2 class=\"wp-block-heading\"><strong>4.&nbsp;<\/strong><strong>VOTRE GESTION ET UTILISATION DES COOKIES<\/strong><strong><\/strong><\/h2>\n\n\n\n<p>Vous pouvez g\u00e9rer et modifier \u00e0 tout moment l\u2019utilisation des cookies suivant les possibilit\u00e9s rappel\u00e9es ci-apr\u00e8s.<\/p>\n\n\n\n<p>Les param\u00e9trages que vous effectuerez sont susceptibles de modifier votre navigation sur internet et vos conditions d\u2019acc\u00e8s et d\u2019utilisation de certains services de notre site qui n\u00e9cessitent l\u2019utilisation de cookies.<\/p>\n\n\n\n<p>Vous pouvez configurer votre logiciel de navigation de mani\u00e8re \u00e0 ce que des Cookies soient enregistr\u00e9s dans votre terminal ou qu\u2019ils soient rejet\u00e9s, soit syst\u00e9matiquement, soit selon leur \u00e9metteur.<\/p>\n\n\n\n<p>Pour conna\u00eetre les modalit\u00e9s applicables \u00e0 la gestion des cookies stock\u00e9s dans votre navigateur, nous vous invitons \u00e0 consulter le menu d\u2019aide de votre navigateur ainsi que la rubrique \u00ab&nbsp;<a href=\"http:\/\/www.cnil.fr\/vos-libertes\/vos-traces\/les-cookies\/\">Vos traces&nbsp;<\/a>\u00bb du site de la CNIL (Commission Nationale de l\u2019Informatique &amp; des Libert\u00e9s).<\/p>\n\n\n\n<p><\/p>\n","protected":false},"excerpt":{"rendered":"<p>Politique de Gestion des Cookies UTILISATION DES COOKIES Pour permettre aux utilisateurs de&nbsp;M\u2019Zlle Flo&nbsp;de b\u00e9n\u00e9ficier des services propos\u00e9s par le site tels que la validation&nbsp;[&rarr;]<\/p>\n","protected":false},"author":1,"featured_media":0,"parent":0,"menu_order":0,"comment_status":"closed","ping_status":"closed","template":"","meta":{"footnotes":""},"class_list":["post-727","page","type-page","status-publish","hentry"],"_links":{"self":[{"href":"https:\/\/michel-grillon.fr\/projects\/wordpress\/mzlleflo\/wp-json\/wp\/v2\/pages\/727","targetHints":{"allow":["GET"]}}],"collection":[{"href":"https:\/\/michel-grillon.fr\/projects\/wordpress\/mzlleflo\/wp-json\/wp\/v2\/pages"}],"about":[{"href":"https:\/\/michel-grillon.fr\/projects\/wordpress\/mzlleflo\/wp-json\/wp\/v2\/types\/page"}],"author":[{"embeddable":true,"href":"https:\/\/michel-grillon.fr\/projects\/wordpress\/mzlleflo\/wp-json\/wp\/v2\/users\/1"}],"replies":[{"embeddable":true,"href":"https:\/\/michel-grillon.fr\/projects\/wordpress\/mzlleflo\/wp-json\/wp\/v2\/comments?post=727"}],"version-history":[{"count":4,"href":"https:\/\/michel-grillon.fr\/projects\/wordpress\/mzlleflo\/wp-json\/wp\/v2\/pages\/727\/revisions"}],"predecessor-version":[{"id":737,"href":"https:\/\/michel-grillon.fr\/projects\/wordpress\/mzlleflo\/wp-json\/wp\/v2\/pages\/727\/revisions\/737"}],"wp:attachment":[{"href":"https:\/\/michel-grillon.fr\/projects\/wordpress\/mzlleflo\/wp-json\/wp\/v2\/media?parent=727"}],"curies":[{"name":"wp","href":"https:\/\/api.w.org\/{rel}","templated":true}]}}