{"id":709,"date":"2024-08-05T12:39:12","date_gmt":"2024-08-05T10:39:12","guid":{"rendered":"https:\/\/cefii-developpements.fr\/michel1385\/Projet_final\/mzlleflo\/?page_id=709"},"modified":"2024-08-05T12:43:29","modified_gmt":"2024-08-05T10:43:29","slug":"merci","status":"publish","type":"page","link":"https:\/\/michel-grillon.fr\/projects\/wordpress\/mzlleflo\/merci\/","title":{"rendered":"Merci !"},"content":{"rendered":"\n<p><strong>Merci pour votre message !<\/strong><br><br>Nous avons bien re\u00e7u votre message et nous vous r\u00e9pondrons dans les plus brefs d\u00e9lais.<\/p>\n\n\n\n<p><\/p>\n","protected":false},"excerpt":{"rendered":"<p>Merci pour votre message ! Nous avons bien re\u00e7u votre message et nous vous r\u00e9pondrons dans les plus brefs d\u00e9lais.<\/p>\n","protected":false},"author":1,"featured_media":0,"parent":0,"menu_order":0,"comment_status":"closed","ping_status":"closed","template":"","meta":{"footnotes":""},"class_list":["post-709","page","type-page","status-publish","hentry"],"_links":{"self":[{"href":"https:\/\/michel-grillon.fr\/projects\/wordpress\/mzlleflo\/wp-json\/wp\/v2\/pages\/709","targetHints":{"allow":["GET"]}}],"collection":[{"href":"https:\/\/michel-grillon.fr\/projects\/wordpress\/mzlleflo\/wp-json\/wp\/v2\/pages"}],"about":[{"href":"https:\/\/michel-grillon.fr\/projects\/wordpress\/mzlleflo\/wp-json\/wp\/v2\/types\/page"}],"author":[{"embeddable":true,"href":"https:\/\/michel-grillon.fr\/projects\/wordpress\/mzlleflo\/wp-json\/wp\/v2\/users\/1"}],"replies":[{"embeddable":true,"href":"https:\/\/michel-grillon.fr\/projects\/wordpress\/mzlleflo\/wp-json\/wp\/v2\/comments?post=709"}],"version-history":[{"count":3,"href":"https:\/\/michel-grillon.fr\/projects\/wordpress\/mzlleflo\/wp-json\/wp\/v2\/pages\/709\/revisions"}],"predecessor-version":[{"id":715,"href":"https:\/\/michel-grillon.fr\/projects\/wordpress\/mzlleflo\/wp-json\/wp\/v2\/pages\/709\/revisions\/715"}],"wp:attachment":[{"href":"https:\/\/michel-grillon.fr\/projects\/wordpress\/mzlleflo\/wp-json\/wp\/v2\/media?parent=709"}],"curies":[{"name":"wp","href":"https:\/\/api.w.org\/{rel}","templated":true}]}}