{"id":118,"date":"2024-07-26T19:00:20","date_gmt":"2024-07-26T17:00:20","guid":{"rendered":"http:\/\/localhost\/cefii\/wordpress\/?page_id=118"},"modified":"2024-08-20T14:10:12","modified_gmt":"2024-08-20T12:10:12","slug":"a-propos","status":"publish","type":"page","link":"https:\/\/michel-grillon.fr\/projects\/wordpress\/mzlleflo\/a-propos\/","title":{"rendered":"\u00c0 propos"},"content":{"rendered":"\n<p>Depuis toute petite, je dessine, aussi loin que ma m\u00e9moire remonte, je cr\u00e9e, j&rsquo;imagine\u2026 <\/p>\n\n\n\n<p>J&rsquo;ai essay\u00e9 plusieurs techniques, de la cr\u00e9ation de bijoux, au scrapbooking, en passant par le modelage en argile naturel ou polym\u00e8re, mais aussi la peinture acrylique et l&rsquo;aquarelle. <\/p>\n\n\n\n<p>Je suis autodidacte et passionn\u00e9e, jusqu&rsquo;\u00e0 maintenant, j&rsquo;ai toujours cr\u00e9\u00e9 pour le plaisir pendant mes loisirs, mais je veux laisser plus de place \u00e0 ma passion. <\/p>\n\n\n\n<p>Avec M&rsquo;Zlle Flo, vous entrez dans mon univers\u2026<\/p>\n\n\n\n<p><\/p>\n","protected":false},"excerpt":{"rendered":"<p>Depuis toute petite, je dessine, aussi loin que ma m\u00e9moire remonte, je cr\u00e9e, j&rsquo;imagine\u2026 J&rsquo;ai essay\u00e9 plusieurs techniques, de la cr\u00e9ation de bijoux, au scrapbooking,&nbsp;[&rarr;]<\/p>\n","protected":false},"author":2,"featured_media":0,"parent":0,"menu_order":0,"comment_status":"closed","ping_status":"closed","template":"","meta":{"footnotes":""},"class_list":["post-118","page","type-page","status-publish","hentry"],"_links":{"self":[{"href":"https:\/\/michel-grillon.fr\/projects\/wordpress\/mzlleflo\/wp-json\/wp\/v2\/pages\/118","targetHints":{"allow":["GET"]}}],"collection":[{"href":"https:\/\/michel-grillon.fr\/projects\/wordpress\/mzlleflo\/wp-json\/wp\/v2\/pages"}],"about":[{"href":"https:\/\/michel-grillon.fr\/projects\/wordpress\/mzlleflo\/wp-json\/wp\/v2\/types\/page"}],"author":[{"embeddable":true,"href":"https:\/\/michel-grillon.fr\/projects\/wordpress\/mzlleflo\/wp-json\/wp\/v2\/users\/2"}],"replies":[{"embeddable":true,"href":"https:\/\/michel-grillon.fr\/projects\/wordpress\/mzlleflo\/wp-json\/wp\/v2\/comments?post=118"}],"version-history":[{"count":3,"href":"https:\/\/michel-grillon.fr\/projects\/wordpress\/mzlleflo\/wp-json\/wp\/v2\/pages\/118\/revisions"}],"predecessor-version":[{"id":839,"href":"https:\/\/michel-grillon.fr\/projects\/wordpress\/mzlleflo\/wp-json\/wp\/v2\/pages\/118\/revisions\/839"}],"wp:attachment":[{"href":"https:\/\/michel-grillon.fr\/projects\/wordpress\/mzlleflo\/wp-json\/wp\/v2\/media?parent=118"}],"curies":[{"name":"wp","href":"https:\/\/api.w.org\/{rel}","templated":true}]}}