{"id":100,"date":"2024-07-26T17:44:27","date_gmt":"2024-07-26T15:44:27","guid":{"rendered":"http:\/\/localhost\/cefii\/wordpress\/?page_id=100"},"modified":"2024-08-05T14:01:56","modified_gmt":"2024-08-05T12:01:56","slug":"mentions-legales","status":"publish","type":"page","link":"https:\/\/michel-grillon.fr\/projects\/wordpress\/mzlleflo\/mentions-legales\/","title":{"rendered":"Mentions L\u00e9gales"},"content":{"rendered":"\n<p>En vertu de l\u2019article 6 de la loi n\u00b0 2004-575 du 21 juin 2004 pour la confiance dans l\u2019\u00e9conomie num\u00e9rique, il est pr\u00e9cis\u00e9 aux utilisateurs du site\u00a0<a href=\"https:\/\/www.villageartistesrablay.com\/\" target=\"_blank\" rel=\"noreferrer noopener\">www.mzlleflo.fr<\/a>\u00a0l\u2019identit\u00e9 des diff\u00e9rents intervenants dans le cadre de sa r\u00e9alisation et de son suivi :<\/p>\n\n\n\n<h2 class=\"wp-block-heading\">\u00c9DITEUR DU SITE<\/h2>\n\n\n\n<p>Le site\u00a0<a href=\"https:\/\/www.villageartistesrablay.com\/\">www.mzlleflo.fr\u00a0<\/a>\u00a0est \u00e9dit\u00e9 par\u00a0<strong>M&rsquo;Zlle Flo<\/strong>.<br><strong>Directeur de la publication<\/strong>\u00a0: <strong>M&rsquo;Zlle Flo<\/strong><\/p>\n\n\n\n<p><strong>Si\u00e8ge social<\/strong>\u00a0:<br><strong>\u00a025 Grande Rue, 44530 Dreff\u00e9ac<\/strong>, France<\/p>\n\n\n\n<p><strong>Forme juridique<\/strong>\u00a0: Auto-entreprise<br><strong>RCS<\/strong>\u00a0: en cours<br><strong>SIRET<\/strong>\u00a0: en cours<br><strong>N\u00b0TVA Intracommunautaire<\/strong>\u00a0: en cours<br><strong>T\u00e9l\u00e9phone\u00a0<\/strong>\u00a0: <strong>+33<\/strong> <strong>975857933<\/strong><br><strong>Courrier \u00e9lectronique<\/strong>\u00a0: f_mouraud@yahoo.fr<\/p>\n\n\n\n<p><strong>Horaires d\u2019ouverture :<\/strong><\/p>\n\n\n\n<p>Du lundi au vendredi : 9h00 &#8211; 12h00 et 14h00 &#8211; 18h00<\/p>\n\n\n\n<p>Samedi : 9h00-13h00<\/p>\n\n\n\n<p><strong>H\u00c9BERGEUR DU SITE<\/strong><\/p>\n\n\n\n<p><\/p>\n\n\n\n<p>En cours<\/p>\n\n\n\n<p><\/p>\n","protected":false},"excerpt":{"rendered":"<p>En vertu de l\u2019article 6 de la loi n\u00b0 2004-575 du 21 juin 2004 pour la confiance dans l\u2019\u00e9conomie num\u00e9rique, il est pr\u00e9cis\u00e9 aux utilisateurs&nbsp;[&rarr;]<\/p>\n","protected":false},"author":1,"featured_media":0,"parent":0,"menu_order":0,"comment_status":"closed","ping_status":"closed","template":"","meta":{"footnotes":""},"class_list":["post-100","page","type-page","status-publish","hentry"],"_links":{"self":[{"href":"https:\/\/michel-grillon.fr\/projects\/wordpress\/mzlleflo\/wp-json\/wp\/v2\/pages\/100","targetHints":{"allow":["GET"]}}],"collection":[{"href":"https:\/\/michel-grillon.fr\/projects\/wordpress\/mzlleflo\/wp-json\/wp\/v2\/pages"}],"about":[{"href":"https:\/\/michel-grillon.fr\/projects\/wordpress\/mzlleflo\/wp-json\/wp\/v2\/types\/page"}],"author":[{"embeddable":true,"href":"https:\/\/michel-grillon.fr\/projects\/wordpress\/mzlleflo\/wp-json\/wp\/v2\/users\/1"}],"replies":[{"embeddable":true,"href":"https:\/\/michel-grillon.fr\/projects\/wordpress\/mzlleflo\/wp-json\/wp\/v2\/comments?post=100"}],"version-history":[{"count":3,"href":"https:\/\/michel-grillon.fr\/projects\/wordpress\/mzlleflo\/wp-json\/wp\/v2\/pages\/100\/revisions"}],"predecessor-version":[{"id":718,"href":"https:\/\/michel-grillon.fr\/projects\/wordpress\/mzlleflo\/wp-json\/wp\/v2\/pages\/100\/revisions\/718"}],"wp:attachment":[{"href":"https:\/\/michel-grillon.fr\/projects\/wordpress\/mzlleflo\/wp-json\/wp\/v2\/media?parent=100"}],"curies":[{"name":"wp","href":"https:\/\/api.w.org\/{rel}","templated":true}]}}